{"id":36,"date":"2024-02-12T16:28:06","date_gmt":"2024-02-12T16:28:06","guid":{"rendered":"http:\/\/www.lgroup.cz\/?page_id=36"},"modified":"2024-02-13T20:32:16","modified_gmt":"2024-02-13T20:32:16","slug":"kontakt","status":"publish","type":"page","link":"https:\/\/www.lgroup.cz\/?page_id=36","title":{"rendered":"Kontakt"},"content":{"rendered":"\n<p><strong>S\u00eddlo<\/strong><\/p>\n\n\n\n<p>Rumburk<\/p>\n\n\n\n<p><strong><br>Otev\u00edrac\u00ed doba<\/strong><\/p>\n\n\n\n<p>Pond\u011bl\u00ed &#8211; p\u00e1tek:   9:00\u201316:00<br>Sobota a ned\u011ble: po p\u0159edchoz\u00ed domluv\u011b<\/p>\n\n\n\n<p><br><strong>P\u016fsob\u00edme zejm\u00e9na v t\u011bchto regionech<\/strong><\/p>\n\n\n\n<p><img loading=\"lazy\" decoding=\"async\" width=\"300\" height=\"195\" class=\"wp-image-130\" style=\"width: 300px;\" src=\"http:\/\/www.lgroup.cz\/wp-content\/uploads\/2024\/02\/mapa.jpg\" alt=\"\" srcset=\"https:\/\/www.lgroup.cz\/wp-content\/uploads\/2024\/02\/mapa.jpg 1280w, https:\/\/www.lgroup.cz\/wp-content\/uploads\/2024\/02\/mapa-300x195.jpg 300w, https:\/\/www.lgroup.cz\/wp-content\/uploads\/2024\/02\/mapa-1024x664.jpg 1024w, https:\/\/www.lgroup.cz\/wp-content\/uploads\/2024\/02\/mapa-768x498.jpg 768w\" sizes=\"auto, (max-width: 300px) 100vw, 300px\" \/><\/p>\n\n\n\n<p><br><strong>On-line servis<\/strong><\/p>\n\n\n\n<p><br>\n<!-- TeamViewer Logo (generated at http:\/\/www.teamviewer.com) -->\n<div style=\"position:relative; width:120px; height:60px;\">\n  <a href=\"http:\/\/get.teamviewer.com\/fxmz4xw\" style=\"text-decoration:none;\">\n    <img loading=\"lazy\" decoding=\"async\" src=\"http:\/\/www.teamviewer.com\/link\/?url=963497&#038;id=1682228196\" alt=\"D\u00e1lkov\u00e1 podpora\" title=\"D\u00e1lkov\u00e1 podpora\" border=\"0\" width=\"120\" height=\"60\"\/>\n    <span style=\"position:absolute; top:17px; left:45px; display:block; cursor:pointer; color:#424242; font-family:Arial; font-size:11px; line-height:1.2em; font-weight:bold; text-align:center; width:70px;\">\n      D\u00e1lkov\u00e1 podpora\n    <\/span>\n  <\/a>\n<\/div>\n      <\/p>\n","protected":false},"excerpt":{"rendered":"<p>S\u00eddlo Rumburk Otev\u00edrac\u00ed doba Pond\u011bl\u00ed &#8211; p\u00e1tek: 9:00\u201316:00Sobota a ned\u011ble: po p\u0159edchoz\u00ed domluv\u011b P\u016fsob\u00edme zejm\u00e9na v t\u011bchto regionech On-line servis D\u00e1lkov\u00e1 podpora<\/p>\n","protected":false},"author":1,"featured_media":0,"parent":0,"menu_order":0,"comment_status":"closed","ping_status":"closed","template":"","meta":{"footnotes":""},"class_list":["post-36","page","type-page","status-publish","hentry"],"_links":{"self":[{"href":"https:\/\/www.lgroup.cz\/index.php?rest_route=\/wp\/v2\/pages\/36","targetHints":{"allow":["GET"]}}],"collection":[{"href":"https:\/\/www.lgroup.cz\/index.php?rest_route=\/wp\/v2\/pages"}],"about":[{"href":"https:\/\/www.lgroup.cz\/index.php?rest_route=\/wp\/v2\/types\/page"}],"author":[{"embeddable":true,"href":"https:\/\/www.lgroup.cz\/index.php?rest_route=\/wp\/v2\/users\/1"}],"replies":[{"embeddable":true,"href":"https:\/\/www.lgroup.cz\/index.php?rest_route=%2Fwp%2Fv2%2Fcomments&post=36"}],"version-history":[{"count":10,"href":"https:\/\/www.lgroup.cz\/index.php?rest_route=\/wp\/v2\/pages\/36\/revisions"}],"predecessor-version":[{"id":134,"href":"https:\/\/www.lgroup.cz\/index.php?rest_route=\/wp\/v2\/pages\/36\/revisions\/134"}],"wp:attachment":[{"href":"https:\/\/www.lgroup.cz\/index.php?rest_route=%2Fwp%2Fv2%2Fmedia&parent=36"}],"curies":[{"name":"wp","href":"https:\/\/api.w.org\/{rel}","templated":true}]}}