{"id":32,"date":"2024-02-12T16:11:26","date_gmt":"2024-02-12T16:11:26","guid":{"rendered":"http:\/\/www.lgroup.cz\/?page_id=32"},"modified":"2024-02-13T20:34:50","modified_gmt":"2024-02-13T20:34:50","slug":"o_nas","status":"publish","type":"page","link":"https:\/\/www.lgroup.cz\/?page_id=32","title":{"rendered":"O n\u00e1s"},"content":{"rendered":"\n<p>Na trhu p\u016fsob\u00edme od roku 1995.<\/p>\n\n\n\n<p><br>Hlavn\u00edm c\u00edlem vedouc\u00edm ke kone\u010dn\u00e9 spokojenosti ka\u017ed\u00e9ho z\u00e1kazn\u00edka je trval\u00e9 udr\u017een\u00ed kvality odveden\u00e9 pr\u00e1ce, prodej kvalitn\u00edch zna\u010dkov\u00fdch produkt\u016f ve v\u0161ech oblastech na\u0161\u00ed \u010dinnosti p\u0159i zachov\u00e1n\u00ed co nejni\u017e\u0161\u00edch cen v\u00a0Rumburku, \u0160luknovsk\u00e9m v\u00fdb\u011b\u017eku i cel\u00e9m okrese D\u011b\u010d\u00edn, \u010cesk\u00e1 L\u00edpa i vzd\u00e1len\u011bj\u0161\u00edch.<\/p>\n","protected":false},"excerpt":{"rendered":"<p>Na trhu p\u016fsob\u00edme od roku 1995. Hlavn\u00edm c\u00edlem vedouc\u00edm ke kone\u010dn\u00e9 spokojenosti ka\u017ed\u00e9ho z\u00e1kazn\u00edka je trval\u00e9 udr\u017een\u00ed kvality odveden\u00e9 pr\u00e1ce, prodej kvalitn\u00edch zna\u010dkov\u00fdch produkt\u016f ve v\u0161ech oblastech na\u0161\u00ed \u010dinnosti p\u0159i zachov\u00e1n\u00ed co nejni\u017e\u0161\u00edch cen v\u00a0Rumburku, \u0160luknovsk\u00e9m v\u00fdb\u011b\u017eku i cel\u00e9m okrese D\u011b\u010d\u00edn, \u010cesk\u00e1 L\u00edpa i vzd\u00e1len\u011bj\u0161\u00edch.<\/p>\n","protected":false},"author":1,"featured_media":0,"parent":0,"menu_order":0,"comment_status":"closed","ping_status":"closed","template":"","meta":{"footnotes":""},"class_list":["post-32","page","type-page","status-publish","hentry"],"_links":{"self":[{"href":"https:\/\/www.lgroup.cz\/index.php?rest_route=\/wp\/v2\/pages\/32","targetHints":{"allow":["GET"]}}],"collection":[{"href":"https:\/\/www.lgroup.cz\/index.php?rest_route=\/wp\/v2\/pages"}],"about":[{"href":"https:\/\/www.lgroup.cz\/index.php?rest_route=\/wp\/v2\/types\/page"}],"author":[{"embeddable":true,"href":"https:\/\/www.lgroup.cz\/index.php?rest_route=\/wp\/v2\/users\/1"}],"replies":[{"embeddable":true,"href":"https:\/\/www.lgroup.cz\/index.php?rest_route=%2Fwp%2Fv2%2Fcomments&post=32"}],"version-history":[{"count":20,"href":"https:\/\/www.lgroup.cz\/index.php?rest_route=\/wp\/v2\/pages\/32\/revisions"}],"predecessor-version":[{"id":151,"href":"https:\/\/www.lgroup.cz\/index.php?rest_route=\/wp\/v2\/pages\/32\/revisions\/151"}],"wp:attachment":[{"href":"https:\/\/www.lgroup.cz\/index.php?rest_route=%2Fwp%2Fv2%2Fmedia&parent=32"}],"curies":[{"name":"wp","href":"https:\/\/api.w.org\/{rel}","templated":true}]}}