{"id":2,"date":"2024-02-12T16:15:56","date_gmt":"2024-02-12T16:15:56","guid":{"rendered":"http:\/\/localhost\/wordpress\/?page_id=2"},"modified":"2024-06-15T19:55:41","modified_gmt":"2024-06-15T19:55:41","slug":"nabidka","status":"publish","type":"page","link":"https:\/\/www.lgroup.cz\/?page_id=2","title":{"rendered":"Nab\u00eddka"},"content":{"rendered":"\n<p>Prodej a servis v\u00fdpo\u010detn\u00ed a kancel\u00e1\u0159sk\u00e9 techniky<\/p>\n\n\n\n<p><br>Kamerov\u00e9 syst\u00e9my<\/p>\n\n\n\n<p><br>Platebn\u00ed termin\u00e1ly a pokladny<\/p>\n\n\n\n<p><br>Spot\u0159ebn\u00ed materi\u00e1l pro IT<\/p>\n\n\n\n<p><br>Servis u z\u00e1kazn\u00edka<\/p>\n\n\n\n<p><br>On-line servis<\/p>\n\n\n\n<p><br>\n<!-- TeamViewer Logo (generated at http:\/\/www.teamviewer.com) -->\n<div style=\"position:relative; width:120px; height:60px;\">\n  <a href=\"http:\/\/get.teamviewer.com\/fxmz4xw\" style=\"text-decoration:none;\">\n    <img loading=\"lazy\" decoding=\"async\" src=\"http:\/\/www.teamviewer.com\/link\/?url=963497&#038;id=1682228196\" alt=\"D\u00e1lkov\u00e1 podpora\" title=\"D\u00e1lkov\u00e1 podpora\" border=\"0\" width=\"120\" height=\"60\"\/>\n    <span style=\"position:absolute; top:17px; left:45px; display:block; cursor:pointer; color:#424242; font-family:Arial; font-size:11px; line-height:1.2em; font-weight:bold; text-align:center; width:70px;\">\n      D\u00e1lkov\u00e1 podpora\n    <\/span>\n  <\/a>\n<\/div>\n      <\/p>\n\n\n\n<p class=\"has-black-color has-text-color has-link-color wp-elements-e852c672b2cf3342965fe394bd5449ee\"><br><strong><em>. . . v\u010detn\u011b poradensk\u00e9 \u010dinnosti<\/em><\/strong><\/p>\n\n\n\n<p><br><br>Prodej a slu\u017eby poskytujeme dom\u00e1cnostem, firm\u00e1m a tak\u00e9 instituc\u00edm.<\/p>\n","protected":false},"excerpt":{"rendered":"<p>Prodej a servis v\u00fdpo\u010detn\u00ed a kancel\u00e1\u0159sk\u00e9 techniky Kamerov\u00e9 syst\u00e9my Platebn\u00ed termin\u00e1ly a pokladny Spot\u0159ebn\u00ed materi\u00e1l pro IT Servis u z\u00e1kazn\u00edka On-line servis D\u00e1lkov\u00e1 podpora . . . v\u010detn\u011b poradensk\u00e9 \u010dinnosti Prodej a slu\u017eby poskytujeme dom\u00e1cnostem, firm\u00e1m a tak\u00e9 instituc\u00edm.<\/p>\n","protected":false},"author":1,"featured_media":130,"parent":0,"menu_order":0,"comment_status":"closed","ping_status":"closed","template":"","meta":{"footnotes":""},"class_list":["post-2","page","type-page","status-publish","has-post-thumbnail","hentry"],"_links":{"self":[{"href":"https:\/\/www.lgroup.cz\/index.php?rest_route=\/wp\/v2\/pages\/2","targetHints":{"allow":["GET"]}}],"collection":[{"href":"https:\/\/www.lgroup.cz\/index.php?rest_route=\/wp\/v2\/pages"}],"about":[{"href":"https:\/\/www.lgroup.cz\/index.php?rest_route=\/wp\/v2\/types\/page"}],"author":[{"embeddable":true,"href":"https:\/\/www.lgroup.cz\/index.php?rest_route=\/wp\/v2\/users\/1"}],"replies":[{"embeddable":true,"href":"https:\/\/www.lgroup.cz\/index.php?rest_route=%2Fwp%2Fv2%2Fcomments&post=2"}],"version-history":[{"count":28,"href":"https:\/\/www.lgroup.cz\/index.php?rest_route=\/wp\/v2\/pages\/2\/revisions"}],"predecessor-version":[{"id":191,"href":"https:\/\/www.lgroup.cz\/index.php?rest_route=\/wp\/v2\/pages\/2\/revisions\/191"}],"wp:featuredmedia":[{"embeddable":true,"href":"https:\/\/www.lgroup.cz\/index.php?rest_route=\/wp\/v2\/media\/130"}],"wp:attachment":[{"href":"https:\/\/www.lgroup.cz\/index.php?rest_route=%2Fwp%2Fv2%2Fmedia&parent=2"}],"curies":[{"name":"wp","href":"https:\/\/api.w.org\/{rel}","templated":true}]}}